{"id":7248,"date":"2025-08-07T12:58:32","date_gmt":"2025-08-07T12:58:32","guid":{"rendered":"https:\/\/nux.wpenginepowered.com\/?page_id=7248"},"modified":"2025-08-11T11:13:17","modified_gmt":"2025-08-11T11:13:17","slug":"responsible-gambling","status":"publish","type":"page","link":"https:\/\/nuxgame.com\/pt-br\/responsible-gambling","title":{"rendered":"Jogos respons\u00e1veis"},"content":{"rendered":"<section class=\"termsWrapper\">\n<div class=\"container\">\n<h1 class=\"title center\">Jogos respons\u00e1veis<\/h1>\n<div class=\"termsInnerWrapper\">\n<p>N\u00f3s nos comprometemos com pr\u00e1ticas de neg\u00f3cios respons\u00e1veis. Honestidade e confian\u00e7a s\u00e3o cruciais para o sucesso a longo-prazo.<\/p>\n<p>As \u00e9ticas de nossa empresa abra\u00e7am diferentes etnias, cren\u00e7as, culturas e g\u00eaneros. N\u00f3s respeitamos e protegemos nossos empregados em todos os momentos. A <a href=\"\/pt-br\">NuxGame<\/a> \u00e9 governada abertamente e de forma transparente. Os interesses de nossa equipe e acionistas est\u00e3o alinhados e um relacionamento mutuamente refor\u00e7ado.<\/p>\n<p>Se voc\u00ea precisar de qualquer ajuda por visite <a href=\"https:\/\/www.begambleaware.org\/\" target=\"_blank\" rel=\"nofollow noopener\">www.begambleaware.org<\/a>.<\/p>\n<h2>Pare o crime nos jogos de azar<\/h2>\n<p>N\u00f3s almejamos manter uma forma de entretenimento segura e respons\u00e1vel. N\u00f3s tomamos a\u00e7\u00f5es e criamos produtos prevenindo que os jogos de azar sejam a fonte de um crime. N\u00f3s buscamos garantir que o neg\u00f3cio seja conduzido abertamente e justamente. Pessoas jovens, crian\u00e7as e indiv\u00edduos vulner\u00e1veis devem ser protegidos e os jogos n\u00e3o devem se tornar prejudicial ou viciante.<\/p>\n<p>Seu neg\u00f3cio pode empregar quaisquer medidas protetivas com nosso produto com facilidade. Nosso software pode ser personalizado para cumprir com a legisla\u00e7\u00e3o de sua jurisdi\u00e7\u00e3o com rela\u00e7\u00e3o a prote\u00e7\u00e3o de jovens e vulner\u00e1veis.<\/p>\n<p>O software fornece ferramentas para jogos respons\u00e1veis:<\/p>\n<ul>\n<li>Verifica\u00e7\u00e3o de identidade, idade e KYC<\/li>\n<li>Defini\u00e7\u00e3o de limites para finan\u00e7a e tempo<\/li>\n<li>Controles para auto exclus\u00e3o e intervalo<\/li>\n<li>Checagem de realidade<\/li>\n<\/ul>\n<h2>Salvaguarda para dados<\/h2>\n<p>Seus clientes transmitem suas informa\u00e7\u00f5es pessoais e financeiras a seu neg\u00f3cio todos os dias. \u00c9 por isso que fazemos nossos produtos resguardar esses dados. Prote\u00e7\u00e3o de privacidade e informa\u00e7\u00f5es s\u00e3o vitais para pr\u00e1ticas seguras e confi\u00e1veis de neg\u00f3cios.<\/p>\n<h2>Auditoria regular para neg\u00f3cios justos<\/h2>\n<p>A NuxGame empreende auditorias anuais para garantir que os produtos e servi\u00e7os est\u00e3o alinhados com os altos padr\u00f5es apropriados dos neg\u00f3cios. Nossa empresa n\u00e3o tolera propina, corrup\u00e7\u00e3o, lavagem de dinheiro ou outras pr\u00e1ticas injustas.<\/p>\n<p>Voc\u00ea receber um produto justo e transparente, respondendo completamente a seus problemas de neg\u00f3cios legais.<\/p>\n<h2>Produtos e servi\u00e7os completamente em conformidade<\/h2>\n<p>Nossos gerentes, decis\u00f5es, pol\u00edticas passam por avalia\u00e7\u00e3o de risco regularmente. \u00c1reas de risco s\u00e3o manuseadas eficientemente. Isso serve para garantir que nossos neg\u00f3cios e produtos cumpram com todas as leis e regulamentos relevantes.<\/p>\n<p>N\u00f3s permitimos uso de nosso software somente dentro de jurisdi\u00e7\u00f5es regulamentadas. Nossos produtos s\u00e3o feitos para operadores em conformidade legal trabalhando sob licen\u00e7as relevantes. O software cumpre com todas as disposi\u00e7\u00f5es t\u00e9cnicas e regulamentadoras.<\/p>\n<p>Se voc\u00ea quiser saber mais sobre nossas medidas de prote\u00e7\u00e3o e conformidade, por favor entre em contato conosco.<\/p>\n<\/div>\n<\/div>\n<\/section>\n","protected":false},"excerpt":{"rendered":"<p>Jogos respons\u00e1veis N\u00f3s nos comprometemos com pr\u00e1ticas de neg\u00f3cios respons\u00e1veis. Honestidade e confian\u00e7a s\u00e3o cruciais para o sucesso a longo-prazo. As \u00e9ticas de nossa empresa abra\u00e7am diferentes etnias, cren\u00e7as, culturas e g\u00eaneros. N\u00f3s respeitamos e protegemos nossos empregados em todos os momentos. A NuxGame \u00e9 governada abertamente e de forma transparente. Os interesses de nossa [&hellip;]<\/p>\n","protected":false},"author":1,"featured_media":0,"parent":0,"menu_order":0,"comment_status":"closed","ping_status":"closed","template":"","meta":{"_acf_changed":false,"footnotes":""},"class_list":["post-7248","page","type-page","status-publish","hentry"],"acf":[],"yoast_head":"<!-- This site is optimized with the Yoast SEO Premium plugin v27.0 (Yoast SEO v27.0) - https:\/\/yoast.com\/product\/yoast-seo-premium-wordpress\/ -->\n<title>Jogo Respons\u00e1vel: Conformidade e Prote\u00e7\u00e3o de Dados | NuxGame<\/title>\n<meta name=\"description\" content=\"Jogo Respons\u00e1vel na NuxGame: KYC e verifica\u00e7\u00e3o de idade, limites de dep\u00f3sito e tempo, autoexclus\u00e3o, prote\u00e7\u00e3o de dados e auditorias para total conformidade.\" \/>\n<meta name=\"robots\" content=\"index, follow, max-snippet:-1, max-image-preview:large, max-video-preview:-1\" \/>\n<link rel=\"canonical\" href=\"https:\/\/nuxgame.com\/pt-br\/responsible-gambling\" \/>\n<meta property=\"og:locale\" content=\"pt_BR\" \/>\n<meta property=\"og:type\" content=\"article\" \/>\n<meta property=\"og:title\" content=\"Jogos respons\u00e1veis\" \/>\n<meta property=\"og:description\" content=\"Jogo Respons\u00e1vel na NuxGame: KYC e verifica\u00e7\u00e3o de idade, limites de dep\u00f3sito e tempo, autoexclus\u00e3o, prote\u00e7\u00e3o de dados e auditorias para total conformidade.\" \/>\n<meta property=\"og:url\" content=\"https:\/\/nuxgame.com\/pt-br\/responsible-gambling\" \/>\n<meta property=\"og:site_name\" content=\"NuxGame\" \/>\n<meta property=\"article:publisher\" content=\"https:\/\/www.facebook.com\/nuxgame\/\" \/>\n<meta property=\"article:modified_time\" content=\"2025-08-11T11:13:17+00:00\" \/>\n<meta name=\"twitter:label1\" content=\"Est. reading time\" \/>\n\t<meta name=\"twitter:data1\" content=\"2 minutes\" \/>\n<script type=\"application\/ld+json\" class=\"yoast-schema-graph\">{\"@context\":\"https:\/\/schema.org\",\"@graph\":[{\"@type\":\"WebPage\",\"@id\":\"https:\/\/nuxgame.com\/pt-br\/responsible-gambling\",\"url\":\"https:\/\/nuxgame.com\/pt-br\/responsible-gambling\",\"name\":\"Jogo Respons\u00e1vel: Conformidade e Prote\u00e7\u00e3o de Dados | NuxGame\",\"isPartOf\":{\"@id\":\"https:\/\/nuxgame.com\/pt-br\/#website\"},\"datePublished\":\"2025-08-07T12:58:32+00:00\",\"dateModified\":\"2025-08-11T11:13:17+00:00\",\"description\":\"Jogo Respons\u00e1vel na NuxGame: KYC e verifica\u00e7\u00e3o de idade, limites de dep\u00f3sito e tempo, autoexclus\u00e3o, prote\u00e7\u00e3o de dados e auditorias para total conformidade.\",\"breadcrumb\":{\"@id\":\"https:\/\/nuxgame.com\/pt-br\/responsible-gambling#breadcrumb\"},\"inLanguage\":\"pt-BR\",\"potentialAction\":[{\"@type\":\"ReadAction\",\"target\":[\"https:\/\/nuxgame.com\/pt-br\/responsible-gambling\"]}]},{\"@type\":\"BreadcrumbList\",\"@id\":\"https:\/\/nuxgame.com\/pt-br\/responsible-gambling#breadcrumb\",\"itemListElement\":[{\"@type\":\"ListItem\",\"position\":1,\"name\":\"iGaming Software Provider\",\"item\":\"https:\/\/nuxgame.com\/pt-br\"},{\"@type\":\"ListItem\",\"position\":2,\"name\":\"Jogos respons\u00e1veis\"}]},{\"@type\":\"WebSite\",\"@id\":\"https:\/\/nuxgame.com\/pt-br\/#website\",\"url\":\"https:\/\/nuxgame.com\/pt-br\/\",\"name\":\"NuxGame\",\"description\":\"\",\"publisher\":{\"@id\":\"https:\/\/nuxgame.com\/pt-br\/#organization\"},\"potentialAction\":[{\"@type\":\"SearchAction\",\"target\":{\"@type\":\"EntryPoint\",\"urlTemplate\":\"https:\/\/nuxgame.com\/pt-br\/?s={search_term_string}\"},\"query-input\":{\"@type\":\"PropertyValueSpecification\",\"valueRequired\":true,\"valueName\":\"search_term_string\"}}],\"inLanguage\":\"pt-BR\"},{\"@type\":\"Organization\",\"@id\":\"https:\/\/nuxgame.com\/pt-br\/#organization\",\"name\":\"NuxGame\",\"url\":\"https:\/\/nuxgame.com\/pt-br\/\",\"logo\":{\"@type\":\"ImageObject\",\"inLanguage\":\"pt-BR\",\"@id\":\"https:\/\/nuxgame.com\/pt-br\/#\/schema\/logo\/image\/\",\"url\":\"https:\/\/nuxgame.com\/wp-content\/uploads\/2025\/04\/logo-1.svg\",\"contentUrl\":\"https:\/\/nuxgame.com\/wp-content\/uploads\/2025\/04\/logo-1.svg\",\"caption\":\"NuxGame\"},\"image\":{\"@id\":\"https:\/\/nuxgame.com\/pt-br\/#\/schema\/logo\/image\/\"},\"sameAs\":[\"https:\/\/www.facebook.com\/nuxgame\/\",\"https:\/\/www.linkedin.com\/company\/nuxgame\/\"]}]}<\/script>\n<!-- \/ Yoast SEO Premium plugin. -->","yoast_head_json":{"title":"Jogo Respons\u00e1vel: Conformidade e Prote\u00e7\u00e3o de Dados | NuxGame","description":"Jogo Respons\u00e1vel na NuxGame: KYC e verifica\u00e7\u00e3o de idade, limites de dep\u00f3sito e tempo, autoexclus\u00e3o, prote\u00e7\u00e3o de dados e auditorias para total conformidade.","robots":{"index":"index","follow":"follow","max-snippet":"max-snippet:-1","max-image-preview":"max-image-preview:large","max-video-preview":"max-video-preview:-1"},"canonical":"https:\/\/nuxgame.com\/pt-br\/responsible-gambling","og_locale":"pt_BR","og_type":"article","og_title":"Jogos respons\u00e1veis","og_description":"Jogo Respons\u00e1vel na NuxGame: KYC e verifica\u00e7\u00e3o de idade, limites de dep\u00f3sito e tempo, autoexclus\u00e3o, prote\u00e7\u00e3o de dados e auditorias para total conformidade.","og_url":"https:\/\/nuxgame.com\/pt-br\/responsible-gambling","og_site_name":"NuxGame","article_publisher":"https:\/\/www.facebook.com\/nuxgame\/","article_modified_time":"2025-08-11T11:13:17+00:00","twitter_misc":{"Est. reading time":"2 minutes"},"schema":{"@context":"https:\/\/schema.org","@graph":[{"@type":"WebPage","@id":"https:\/\/nuxgame.com\/pt-br\/responsible-gambling","url":"https:\/\/nuxgame.com\/pt-br\/responsible-gambling","name":"Jogo Respons\u00e1vel: Conformidade e Prote\u00e7\u00e3o de Dados | NuxGame","isPartOf":{"@id":"https:\/\/nuxgame.com\/pt-br\/#website"},"datePublished":"2025-08-07T12:58:32+00:00","dateModified":"2025-08-11T11:13:17+00:00","description":"Jogo Respons\u00e1vel na NuxGame: KYC e verifica\u00e7\u00e3o de idade, limites de dep\u00f3sito e tempo, autoexclus\u00e3o, prote\u00e7\u00e3o de dados e auditorias para total conformidade.","breadcrumb":{"@id":"https:\/\/nuxgame.com\/pt-br\/responsible-gambling#breadcrumb"},"inLanguage":"pt-BR","potentialAction":[{"@type":"ReadAction","target":["https:\/\/nuxgame.com\/pt-br\/responsible-gambling"]}]},{"@type":"BreadcrumbList","@id":"https:\/\/nuxgame.com\/pt-br\/responsible-gambling#breadcrumb","itemListElement":[{"@type":"ListItem","position":1,"name":"iGaming Software Provider","item":"https:\/\/nuxgame.com\/pt-br"},{"@type":"ListItem","position":2,"name":"Jogos respons\u00e1veis"}]},{"@type":"WebSite","@id":"https:\/\/nuxgame.com\/pt-br\/#website","url":"https:\/\/nuxgame.com\/pt-br\/","name":"NuxGame","description":"","publisher":{"@id":"https:\/\/nuxgame.com\/pt-br\/#organization"},"potentialAction":[{"@type":"SearchAction","target":{"@type":"EntryPoint","urlTemplate":"https:\/\/nuxgame.com\/pt-br\/?s={search_term_string}"},"query-input":{"@type":"PropertyValueSpecification","valueRequired":true,"valueName":"search_term_string"}}],"inLanguage":"pt-BR"},{"@type":"Organization","@id":"https:\/\/nuxgame.com\/pt-br\/#organization","name":"NuxGame","url":"https:\/\/nuxgame.com\/pt-br\/","logo":{"@type":"ImageObject","inLanguage":"pt-BR","@id":"https:\/\/nuxgame.com\/pt-br\/#\/schema\/logo\/image\/","url":"https:\/\/nuxgame.com\/wp-content\/uploads\/2025\/04\/logo-1.svg","contentUrl":"https:\/\/nuxgame.com\/wp-content\/uploads\/2025\/04\/logo-1.svg","caption":"NuxGame"},"image":{"@id":"https:\/\/nuxgame.com\/pt-br\/#\/schema\/logo\/image\/"},"sameAs":["https:\/\/www.facebook.com\/nuxgame\/","https:\/\/www.linkedin.com\/company\/nuxgame\/"]}]}},"_links":{"self":[{"href":"https:\/\/nuxgame.com\/pt-br\/wp-json\/wp\/v2\/pages\/7248","targetHints":{"allow":["GET"]}}],"collection":[{"href":"https:\/\/nuxgame.com\/pt-br\/wp-json\/wp\/v2\/pages"}],"about":[{"href":"https:\/\/nuxgame.com\/pt-br\/wp-json\/wp\/v2\/types\/page"}],"author":[{"embeddable":true,"href":"https:\/\/nuxgame.com\/pt-br\/wp-json\/wp\/v2\/users\/1"}],"replies":[{"embeddable":true,"href":"https:\/\/nuxgame.com\/pt-br\/wp-json\/wp\/v2\/comments?post=7248"}],"version-history":[{"count":0,"href":"https:\/\/nuxgame.com\/pt-br\/wp-json\/wp\/v2\/pages\/7248\/revisions"}],"wp:attachment":[{"href":"https:\/\/nuxgame.com\/pt-br\/wp-json\/wp\/v2\/media?parent=7248"}],"curies":[{"name":"wp","href":"https:\/\/api.w.org\/{rel}","templated":true}]}}