{"id":4702,"date":"2025-04-23T11:29:40","date_gmt":"2025-04-23T11:29:40","guid":{"rendered":"https:\/\/nux.wpenginepowered.com\/partners"},"modified":"2025-08-11T08:29:49","modified_gmt":"2025-08-11T08:29:49","slug":"partners","status":"publish","type":"page","link":"https:\/\/nuxgame.com\/pt-br\/partners","title":{"rendered":"Parceiros"},"content":{"rendered":"","protected":false},"excerpt":{"rendered":"","protected":false},"author":1,"featured_media":0,"parent":0,"menu_order":0,"comment_status":"closed","ping_status":"closed","template":"templates\/page-partners.php","meta":{"_acf_changed":false,"footnotes":""},"class_list":["post-4702","page","type-page","status-publish","hentry"],"acf":[],"yoast_head":"<!-- This site is optimized with the Yoast SEO Premium plugin v27.0 (Yoast SEO v27.0) - https:\/\/yoast.com\/product\/yoast-seo-premium-wordpress\/ -->\n<title>Parceiros | NuxGame<\/title>\n<meta name=\"description\" content=\"Somos capazes de fornecer software de qualidade e solu\u00e7\u00f5es altamente tecnol\u00f3gicas para nossos clientes. Gra\u00e7as a parcerias confi\u00e1veis com l\u00edderes no mundo da tecnologia moderna, esse objetivo foi alcan\u00e7ado.\" \/>\n<meta name=\"robots\" content=\"index, follow, max-snippet:-1, max-image-preview:large, max-video-preview:-1\" \/>\n<link rel=\"canonical\" href=\"https:\/\/nuxgame.com\/pt-br\/partners\" \/>\n<meta property=\"og:locale\" content=\"pt_BR\" \/>\n<meta property=\"og:type\" content=\"article\" \/>\n<meta property=\"og:title\" content=\"Parceiros\" \/>\n<meta property=\"og:description\" content=\"Somos capazes de fornecer software de qualidade e solu\u00e7\u00f5es altamente tecnol\u00f3gicas para nossos clientes. Gra\u00e7as a parcerias confi\u00e1veis com l\u00edderes no mundo da tecnologia moderna, esse objetivo foi alcan\u00e7ado.\" \/>\n<meta property=\"og:url\" content=\"https:\/\/nuxgame.com\/pt-br\/partners\" \/>\n<meta property=\"og:site_name\" content=\"NuxGame\" \/>\n<meta property=\"article:publisher\" content=\"https:\/\/www.facebook.com\/nuxgame\/\" \/>\n<meta property=\"article:modified_time\" content=\"2025-08-11T08:29:49+00:00\" \/>\n<script type=\"application\/ld+json\" class=\"yoast-schema-graph\">{\"@context\":\"https:\/\/schema.org\",\"@graph\":[{\"@type\":\"WebPage\",\"@id\":\"https:\/\/nuxgame.com\/pt-br\/partners\",\"url\":\"https:\/\/nuxgame.com\/pt-br\/partners\",\"name\":\"Parceiros | NuxGame\",\"isPartOf\":{\"@id\":\"https:\/\/nuxgame.com\/pt-br\/#website\"},\"datePublished\":\"2025-04-23T11:29:40+00:00\",\"dateModified\":\"2025-08-11T08:29:49+00:00\",\"description\":\"Somos capazes de fornecer software de qualidade e solu\u00e7\u00f5es altamente tecnol\u00f3gicas para nossos clientes. Gra\u00e7as a parcerias confi\u00e1veis com l\u00edderes no mundo da tecnologia moderna, esse objetivo foi alcan\u00e7ado.\",\"breadcrumb\":{\"@id\":\"https:\/\/nuxgame.com\/pt-br\/partners#breadcrumb\"},\"inLanguage\":\"pt-BR\",\"potentialAction\":[{\"@type\":\"ReadAction\",\"target\":[\"https:\/\/nuxgame.com\/pt-br\/partners\"]}]},{\"@type\":\"BreadcrumbList\",\"@id\":\"https:\/\/nuxgame.com\/pt-br\/partners#breadcrumb\",\"itemListElement\":[{\"@type\":\"ListItem\",\"position\":1,\"name\":\"iGaming Software Provider\",\"item\":\"https:\/\/nuxgame.com\/pt-br\"},{\"@type\":\"ListItem\",\"position\":2,\"name\":\"Parceiros\"}]},{\"@type\":\"WebSite\",\"@id\":\"https:\/\/nuxgame.com\/pt-br\/#website\",\"url\":\"https:\/\/nuxgame.com\/pt-br\/\",\"name\":\"NuxGame\",\"description\":\"\",\"publisher\":{\"@id\":\"https:\/\/nuxgame.com\/pt-br\/#organization\"},\"potentialAction\":[{\"@type\":\"SearchAction\",\"target\":{\"@type\":\"EntryPoint\",\"urlTemplate\":\"https:\/\/nuxgame.com\/pt-br\/?s={search_term_string}\"},\"query-input\":{\"@type\":\"PropertyValueSpecification\",\"valueRequired\":true,\"valueName\":\"search_term_string\"}}],\"inLanguage\":\"pt-BR\"},{\"@type\":\"Organization\",\"@id\":\"https:\/\/nuxgame.com\/pt-br\/#organization\",\"name\":\"NuxGame\",\"url\":\"https:\/\/nuxgame.com\/pt-br\/\",\"logo\":{\"@type\":\"ImageObject\",\"inLanguage\":\"pt-BR\",\"@id\":\"https:\/\/nuxgame.com\/pt-br\/#\/schema\/logo\/image\/\",\"url\":\"https:\/\/nuxgame.com\/wp-content\/uploads\/2025\/04\/logo-1.svg\",\"contentUrl\":\"https:\/\/nuxgame.com\/wp-content\/uploads\/2025\/04\/logo-1.svg\",\"caption\":\"NuxGame\"},\"image\":{\"@id\":\"https:\/\/nuxgame.com\/pt-br\/#\/schema\/logo\/image\/\"},\"sameAs\":[\"https:\/\/www.facebook.com\/nuxgame\/\",\"https:\/\/www.linkedin.com\/company\/nuxgame\/\"]}]}<\/script>\n<!-- \/ Yoast SEO Premium plugin. -->","yoast_head_json":{"title":"Parceiros | NuxGame","description":"Somos capazes de fornecer software de qualidade e solu\u00e7\u00f5es altamente tecnol\u00f3gicas para nossos clientes. Gra\u00e7as a parcerias confi\u00e1veis com l\u00edderes no mundo da tecnologia moderna, esse objetivo foi alcan\u00e7ado.","robots":{"index":"index","follow":"follow","max-snippet":"max-snippet:-1","max-image-preview":"max-image-preview:large","max-video-preview":"max-video-preview:-1"},"canonical":"https:\/\/nuxgame.com\/pt-br\/partners","og_locale":"pt_BR","og_type":"article","og_title":"Parceiros","og_description":"Somos capazes de fornecer software de qualidade e solu\u00e7\u00f5es altamente tecnol\u00f3gicas para nossos clientes. Gra\u00e7as a parcerias confi\u00e1veis com l\u00edderes no mundo da tecnologia moderna, esse objetivo foi alcan\u00e7ado.","og_url":"https:\/\/nuxgame.com\/pt-br\/partners","og_site_name":"NuxGame","article_publisher":"https:\/\/www.facebook.com\/nuxgame\/","article_modified_time":"2025-08-11T08:29:49+00:00","schema":{"@context":"https:\/\/schema.org","@graph":[{"@type":"WebPage","@id":"https:\/\/nuxgame.com\/pt-br\/partners","url":"https:\/\/nuxgame.com\/pt-br\/partners","name":"Parceiros | NuxGame","isPartOf":{"@id":"https:\/\/nuxgame.com\/pt-br\/#website"},"datePublished":"2025-04-23T11:29:40+00:00","dateModified":"2025-08-11T08:29:49+00:00","description":"Somos capazes de fornecer software de qualidade e solu\u00e7\u00f5es altamente tecnol\u00f3gicas para nossos clientes. Gra\u00e7as a parcerias confi\u00e1veis com l\u00edderes no mundo da tecnologia moderna, esse objetivo foi alcan\u00e7ado.","breadcrumb":{"@id":"https:\/\/nuxgame.com\/pt-br\/partners#breadcrumb"},"inLanguage":"pt-BR","potentialAction":[{"@type":"ReadAction","target":["https:\/\/nuxgame.com\/pt-br\/partners"]}]},{"@type":"BreadcrumbList","@id":"https:\/\/nuxgame.com\/pt-br\/partners#breadcrumb","itemListElement":[{"@type":"ListItem","position":1,"name":"iGaming Software Provider","item":"https:\/\/nuxgame.com\/pt-br"},{"@type":"ListItem","position":2,"name":"Parceiros"}]},{"@type":"WebSite","@id":"https:\/\/nuxgame.com\/pt-br\/#website","url":"https:\/\/nuxgame.com\/pt-br\/","name":"NuxGame","description":"","publisher":{"@id":"https:\/\/nuxgame.com\/pt-br\/#organization"},"potentialAction":[{"@type":"SearchAction","target":{"@type":"EntryPoint","urlTemplate":"https:\/\/nuxgame.com\/pt-br\/?s={search_term_string}"},"query-input":{"@type":"PropertyValueSpecification","valueRequired":true,"valueName":"search_term_string"}}],"inLanguage":"pt-BR"},{"@type":"Organization","@id":"https:\/\/nuxgame.com\/pt-br\/#organization","name":"NuxGame","url":"https:\/\/nuxgame.com\/pt-br\/","logo":{"@type":"ImageObject","inLanguage":"pt-BR","@id":"https:\/\/nuxgame.com\/pt-br\/#\/schema\/logo\/image\/","url":"https:\/\/nuxgame.com\/wp-content\/uploads\/2025\/04\/logo-1.svg","contentUrl":"https:\/\/nuxgame.com\/wp-content\/uploads\/2025\/04\/logo-1.svg","caption":"NuxGame"},"image":{"@id":"https:\/\/nuxgame.com\/pt-br\/#\/schema\/logo\/image\/"},"sameAs":["https:\/\/www.facebook.com\/nuxgame\/","https:\/\/www.linkedin.com\/company\/nuxgame\/"]}]}},"_links":{"self":[{"href":"https:\/\/nuxgame.com\/pt-br\/wp-json\/wp\/v2\/pages\/4702","targetHints":{"allow":["GET"]}}],"collection":[{"href":"https:\/\/nuxgame.com\/pt-br\/wp-json\/wp\/v2\/pages"}],"about":[{"href":"https:\/\/nuxgame.com\/pt-br\/wp-json\/wp\/v2\/types\/page"}],"author":[{"embeddable":true,"href":"https:\/\/nuxgame.com\/pt-br\/wp-json\/wp\/v2\/users\/1"}],"replies":[{"embeddable":true,"href":"https:\/\/nuxgame.com\/pt-br\/wp-json\/wp\/v2\/comments?post=4702"}],"version-history":[{"count":0,"href":"https:\/\/nuxgame.com\/pt-br\/wp-json\/wp\/v2\/pages\/4702\/revisions"}],"wp:attachment":[{"href":"https:\/\/nuxgame.com\/pt-br\/wp-json\/wp\/v2\/media?parent=4702"}],"curies":[{"name":"wp","href":"https:\/\/api.w.org\/{rel}","templated":true}]}}