{"id":7250,"date":"2025-08-07T12:58:32","date_gmt":"2025-08-07T12:58:32","guid":{"rendered":"https:\/\/nux.wpenginepowered.com\/?page_id=7250"},"modified":"2025-08-11T11:34:25","modified_gmt":"2025-08-11T11:34:25","slug":"responsible-gambling","status":"publish","type":"page","link":"https:\/\/nuxgame.com\/es\/responsible-gambling","title":{"rendered":"Juego Responsable"},"content":{"rendered":"<section class=\"termsWrapper\">\n<div class=\"container\">\n<h1 class=\"title center\">Juego Responsable<\/h1>\n<div class=\"termsInnerWrapper\">\n<p>Nos comprometemos con pr\u00e1cticas comerciales responsables. La honestidad y confiabilidad son cruciales en el \u00e9xito a largo plazo.<\/p>\n<p>Nuestra \u00e9tica de empresa abarca diferentes etnias, creencias, culturas y g\u00e9neros. Respetamos y protegemos a nuestros empleados en todo momento. <a href=\"\/es\">NuxGame<\/a> se rige de forma abierta y transparente. Los intereses de nuestro equipo y accionistas est\u00e1n alineados en una relaci\u00f3n que se refuerza mutuamente.<\/p>\n<p>Si necesita ayuda, por favor, visite <a href=\"https:\/\/www.begambleaware.org\/\" target=\"_blank\" rel=\"nofollow noopener\">www.begambleaware.org<\/a>.<\/p>\n<h2>Detener el crimen en el juego<\/h2>\n<p>Nos esforzamos por mantener una forma de entretenimiento segura y responsable. Tomamos medidas y creamos productos que evitan que el juego genere un delito. Nuestro objetivo es garantizar que la empresa sea dirigida de forma justa y abierta. Se debe proteger a los j\u00f3venes, los ni\u00f1os y las personas vulnerables, y que el juego no se vuelva perjudicial o adictivo.<\/p>\n<p>Su negocio puede aplicar f\u00e1cilmente cualquier medida de protecci\u00f3n con nuestros productos. Nuestro software puede ser personalizado para cumplir con las leyes de su jurisdicci\u00f3n respecto a la protecci\u00f3n de j\u00f3venes y personas vulnerables.<\/p>\n<p>El software ofrece herramientas para el juego responsable:<\/p>\n<ul>\n<li>Verificaci\u00f3n de edad e identidad, KYC<\/li>\n<li>Configuraci\u00f3n de l\u00edmites de tiempo y dinero<\/li>\n<li>Controles para la autoexclusi\u00f3n y tiempo de desconexi\u00f3n<\/li>\n<li>Comprobaci\u00f3n de la realidad<\/li>\n<\/ul>\n<h2>Protecci\u00f3n de datos<\/h2>\n<p>Sus usuarios y clientes transmiten su informaci\u00f3n personal y financiera a su negocio cada d\u00eda. Por ello, fabricamos nuestros productos protegiendo esta informaci\u00f3n. La privacidad y la protecci\u00f3n de la informaci\u00f3n son vitales para las pr\u00e1cticas comerciales seguras y fiables.<\/p>\n<h2>Auditor\u00edas regulares para un negocio justo<\/h2>\n<p>NuxGame se somete a auditor\u00edas anuales para garantizar que los productos y servicios se corresponden con los altos est\u00e1ndares de negocio adecuados. Nuestra empresa no tolera el soborno, la corrupci\u00f3n, el blanqueo de capital u otras pr\u00e1cticas indebidas.<\/p>\n<p>Obtenga un producto justo y transparente, que responda completamente a sus cuestiones legales y comerciales.<\/p>\n<h2>Productos y servicios que cumplen plenamente la normativa.<\/h2>\n<p>Nuestros gestores y decisiones pol\u00edticas pasan evaluaciones de riesgos regularmente. Las \u00e1reas de riesgo se abordan de manera eficiente. Todo ello para garantizar que nuestro negocio y productos cumplen con toda la legislaci\u00f3n y regulaci\u00f3n pertinentes.<\/p>\n<p>Solo permitimos el uso de nuestro software dentro de jurisdicciones reguladas. Nuestros productos son para operadores que cumplen con la normativa y que trabajan bajo las licencias pertinentes. El software cumple con todas las disposiciones t\u00e9cnicas y regulatorias.<\/p>\n<p>NuxGame trabaja con los proveedores autorizados m\u00e1s globales como Evolution Gaming, Play n GO, Microgaming, Habanero, etc.<\/p>\n<p>Si desea m\u00e1s informaci\u00f3n sobre nuestras medidas de protecci\u00f3n y cumplimiento, contacte con nosotros.<\/p>\n<\/div>\n<\/div>\n<\/section>\n","protected":false},"excerpt":{"rendered":"<p>Juego Responsable Nos comprometemos con pr\u00e1cticas comerciales responsables. La honestidad y confiabilidad son cruciales en el \u00e9xito a largo plazo. Nuestra \u00e9tica de empresa abarca diferentes etnias, creencias, culturas y g\u00e9neros. Respetamos y protegemos a nuestros empleados en todo momento. NuxGame se rige de forma abierta y transparente. Los intereses de nuestro equipo y accionistas [&hellip;]<\/p>\n","protected":false},"author":1,"featured_media":0,"parent":0,"menu_order":0,"comment_status":"closed","ping_status":"closed","template":"","meta":{"_acf_changed":false,"footnotes":""},"class_list":["post-7250","page","type-page","status-publish","hentry"],"acf":[],"yoast_head":"<!-- This site is optimized with the Yoast SEO Premium plugin v27.0 (Yoast SEO v27.0) - https:\/\/yoast.com\/product\/yoast-seo-premium-wordpress\/ -->\n<title>Juego Responsable: Cumplimiento y Protecci\u00f3n de Datos | NuxGame<\/title>\n<meta name=\"description\" content=\"Juego Responsable en NuxGame: KYC y verificaci\u00f3n de edad, l\u00edmites de dep\u00f3sito y de tiempo, autoexclusi\u00f3n, protecci\u00f3n de datos y auditor\u00edas para un cumplimiento total.\" \/>\n<meta name=\"robots\" content=\"index, follow, max-snippet:-1, max-image-preview:large, max-video-preview:-1\" \/>\n<link rel=\"canonical\" href=\"https:\/\/nuxgame.com\/es\/responsible-gambling\" \/>\n<meta property=\"og:locale\" content=\"es_ES\" \/>\n<meta property=\"og:type\" content=\"article\" \/>\n<meta property=\"og:title\" content=\"Juego Responsable\" \/>\n<meta property=\"og:description\" content=\"Juego Responsable en NuxGame: KYC y verificaci\u00f3n de edad, l\u00edmites de dep\u00f3sito y de tiempo, autoexclusi\u00f3n, protecci\u00f3n de datos y auditor\u00edas para un cumplimiento total.\" \/>\n<meta property=\"og:url\" content=\"https:\/\/nuxgame.com\/es\/responsible-gambling\" \/>\n<meta property=\"og:site_name\" content=\"NuxGame\" \/>\n<meta property=\"article:publisher\" content=\"https:\/\/www.facebook.com\/nuxgame\/\" \/>\n<meta property=\"article:modified_time\" content=\"2025-08-11T11:34:25+00:00\" \/>\n<meta name=\"twitter:label1\" content=\"Est. reading time\" \/>\n\t<meta name=\"twitter:data1\" content=\"2 minutes\" \/>\n<script type=\"application\/ld+json\" class=\"yoast-schema-graph\">{\"@context\":\"https:\/\/schema.org\",\"@graph\":[{\"@type\":\"WebPage\",\"@id\":\"https:\/\/nuxgame.com\/es\/responsible-gambling\",\"url\":\"https:\/\/nuxgame.com\/es\/responsible-gambling\",\"name\":\"Juego Responsable: Cumplimiento y Protecci\u00f3n de Datos | NuxGame\",\"isPartOf\":{\"@id\":\"https:\/\/nuxgame.com\/es\/#website\"},\"datePublished\":\"2025-08-07T12:58:32+00:00\",\"dateModified\":\"2025-08-11T11:34:25+00:00\",\"description\":\"Juego Responsable en NuxGame: KYC y verificaci\u00f3n de edad, l\u00edmites de dep\u00f3sito y de tiempo, autoexclusi\u00f3n, protecci\u00f3n de datos y auditor\u00edas para un cumplimiento total.\",\"breadcrumb\":{\"@id\":\"https:\/\/nuxgame.com\/es\/responsible-gambling#breadcrumb\"},\"inLanguage\":\"es-ES\",\"potentialAction\":[{\"@type\":\"ReadAction\",\"target\":[\"https:\/\/nuxgame.com\/es\/responsible-gambling\"]}]},{\"@type\":\"BreadcrumbList\",\"@id\":\"https:\/\/nuxgame.com\/es\/responsible-gambling#breadcrumb\",\"itemListElement\":[{\"@type\":\"ListItem\",\"position\":1,\"name\":\"iGaming Software Provider\",\"item\":\"https:\/\/nuxgame.com\/es\"},{\"@type\":\"ListItem\",\"position\":2,\"name\":\"Juego Responsable\"}]},{\"@type\":\"WebSite\",\"@id\":\"https:\/\/nuxgame.com\/es\/#website\",\"url\":\"https:\/\/nuxgame.com\/es\/\",\"name\":\"NuxGame\",\"description\":\"\",\"publisher\":{\"@id\":\"https:\/\/nuxgame.com\/es\/#organization\"},\"potentialAction\":[{\"@type\":\"SearchAction\",\"target\":{\"@type\":\"EntryPoint\",\"urlTemplate\":\"https:\/\/nuxgame.com\/es\/?s={search_term_string}\"},\"query-input\":{\"@type\":\"PropertyValueSpecification\",\"valueRequired\":true,\"valueName\":\"search_term_string\"}}],\"inLanguage\":\"es-ES\"},{\"@type\":\"Organization\",\"@id\":\"https:\/\/nuxgame.com\/es\/#organization\",\"name\":\"NuxGame\",\"url\":\"https:\/\/nuxgame.com\/es\/\",\"logo\":{\"@type\":\"ImageObject\",\"inLanguage\":\"es-ES\",\"@id\":\"https:\/\/nuxgame.com\/es\/#\/schema\/logo\/image\/\",\"url\":\"https:\/\/nuxgame.com\/wp-content\/uploads\/2025\/04\/logo-1.svg\",\"contentUrl\":\"https:\/\/nuxgame.com\/wp-content\/uploads\/2025\/04\/logo-1.svg\",\"caption\":\"NuxGame\"},\"image\":{\"@id\":\"https:\/\/nuxgame.com\/es\/#\/schema\/logo\/image\/\"},\"sameAs\":[\"https:\/\/www.facebook.com\/nuxgame\/\",\"https:\/\/www.linkedin.com\/company\/nuxgame\/\"]}]}<\/script>\n<!-- \/ Yoast SEO Premium plugin. -->","yoast_head_json":{"title":"Juego Responsable: Cumplimiento y Protecci\u00f3n de Datos | NuxGame","description":"Juego Responsable en NuxGame: KYC y verificaci\u00f3n de edad, l\u00edmites de dep\u00f3sito y de tiempo, autoexclusi\u00f3n, protecci\u00f3n de datos y auditor\u00edas para un cumplimiento total.","robots":{"index":"index","follow":"follow","max-snippet":"max-snippet:-1","max-image-preview":"max-image-preview:large","max-video-preview":"max-video-preview:-1"},"canonical":"https:\/\/nuxgame.com\/es\/responsible-gambling","og_locale":"es_ES","og_type":"article","og_title":"Juego Responsable","og_description":"Juego Responsable en NuxGame: KYC y verificaci\u00f3n de edad, l\u00edmites de dep\u00f3sito y de tiempo, autoexclusi\u00f3n, protecci\u00f3n de datos y auditor\u00edas para un cumplimiento total.","og_url":"https:\/\/nuxgame.com\/es\/responsible-gambling","og_site_name":"NuxGame","article_publisher":"https:\/\/www.facebook.com\/nuxgame\/","article_modified_time":"2025-08-11T11:34:25+00:00","twitter_misc":{"Est. reading time":"2 minutes"},"schema":{"@context":"https:\/\/schema.org","@graph":[{"@type":"WebPage","@id":"https:\/\/nuxgame.com\/es\/responsible-gambling","url":"https:\/\/nuxgame.com\/es\/responsible-gambling","name":"Juego Responsable: Cumplimiento y Protecci\u00f3n de Datos | NuxGame","isPartOf":{"@id":"https:\/\/nuxgame.com\/es\/#website"},"datePublished":"2025-08-07T12:58:32+00:00","dateModified":"2025-08-11T11:34:25+00:00","description":"Juego Responsable en NuxGame: KYC y verificaci\u00f3n de edad, l\u00edmites de dep\u00f3sito y de tiempo, autoexclusi\u00f3n, protecci\u00f3n de datos y auditor\u00edas para un cumplimiento total.","breadcrumb":{"@id":"https:\/\/nuxgame.com\/es\/responsible-gambling#breadcrumb"},"inLanguage":"es-ES","potentialAction":[{"@type":"ReadAction","target":["https:\/\/nuxgame.com\/es\/responsible-gambling"]}]},{"@type":"BreadcrumbList","@id":"https:\/\/nuxgame.com\/es\/responsible-gambling#breadcrumb","itemListElement":[{"@type":"ListItem","position":1,"name":"iGaming Software Provider","item":"https:\/\/nuxgame.com\/es"},{"@type":"ListItem","position":2,"name":"Juego Responsable"}]},{"@type":"WebSite","@id":"https:\/\/nuxgame.com\/es\/#website","url":"https:\/\/nuxgame.com\/es\/","name":"NuxGame","description":"","publisher":{"@id":"https:\/\/nuxgame.com\/es\/#organization"},"potentialAction":[{"@type":"SearchAction","target":{"@type":"EntryPoint","urlTemplate":"https:\/\/nuxgame.com\/es\/?s={search_term_string}"},"query-input":{"@type":"PropertyValueSpecification","valueRequired":true,"valueName":"search_term_string"}}],"inLanguage":"es-ES"},{"@type":"Organization","@id":"https:\/\/nuxgame.com\/es\/#organization","name":"NuxGame","url":"https:\/\/nuxgame.com\/es\/","logo":{"@type":"ImageObject","inLanguage":"es-ES","@id":"https:\/\/nuxgame.com\/es\/#\/schema\/logo\/image\/","url":"https:\/\/nuxgame.com\/wp-content\/uploads\/2025\/04\/logo-1.svg","contentUrl":"https:\/\/nuxgame.com\/wp-content\/uploads\/2025\/04\/logo-1.svg","caption":"NuxGame"},"image":{"@id":"https:\/\/nuxgame.com\/es\/#\/schema\/logo\/image\/"},"sameAs":["https:\/\/www.facebook.com\/nuxgame\/","https:\/\/www.linkedin.com\/company\/nuxgame\/"]}]}},"_links":{"self":[{"href":"https:\/\/nuxgame.com\/es\/wp-json\/wp\/v2\/pages\/7250","targetHints":{"allow":["GET"]}}],"collection":[{"href":"https:\/\/nuxgame.com\/es\/wp-json\/wp\/v2\/pages"}],"about":[{"href":"https:\/\/nuxgame.com\/es\/wp-json\/wp\/v2\/types\/page"}],"author":[{"embeddable":true,"href":"https:\/\/nuxgame.com\/es\/wp-json\/wp\/v2\/users\/1"}],"replies":[{"embeddable":true,"href":"https:\/\/nuxgame.com\/es\/wp-json\/wp\/v2\/comments?post=7250"}],"version-history":[{"count":0,"href":"https:\/\/nuxgame.com\/es\/wp-json\/wp\/v2\/pages\/7250\/revisions"}],"wp:attachment":[{"href":"https:\/\/nuxgame.com\/es\/wp-json\/wp\/v2\/media?parent=7250"}],"curies":[{"name":"wp","href":"https:\/\/api.w.org\/{rel}","templated":true}]}}